{"id":254,"date":"2022-04-14T08:28:27","date_gmt":"2022-04-14T11:28:27","guid":{"rendered":"https:\/\/clickevenda.com.br\/?page_id=254"},"modified":"2022-04-16T13:53:55","modified_gmt":"2022-04-16T16:53:55","slug":"ajuda","status":"publish","type":"page","link":"https:\/\/clickevenda.com.br\/index.php\/ajuda\/","title":{"rendered":"Central de Ajuda"},"content":{"rendered":"\n<p class=\"has-large-font-size\">Caso precise de uma forcinha, na <strong>Central de Ajuda<\/strong> do <strong>Click &amp; e Venda<\/strong> voc\u00ea ir\u00e1 encontrar tutoriais para lhe auxiliar.<\/p>\n\n\n\n<hr class=\"wp-block-separator\"\/>\n\n\n\n<div class=\"wp-block-columns\">\n<div class=\"wp-block-column\">\n<style>\n.card {\n  box-shadow: 0 4px 8px 0 rgba(0,0,0,0.2);\n  transition: 0.3s;\ntext-align: center;\n  background-color: #f1f1f1;\nborder-radius: 10px;\n}\n\n.card:hover {\n  box-shadow: 0 8px 16px 0 rgba(0,0,0,0.2);\ntext-align: center;\n}\n.container {\ntext-align: left;\npadding: 1px 16px;\n}\n<\/style>\n<div class=\"card\">\n  <center><img src=\"https:\/\/clickevenda.com.br\/wp-content\/uploads\/2021\/07\/icons8-ordem-de-compra-96.png\" alt=\"Avatar\" style=\"width:40%\"><\/center>\n<h3><b>Vendas<\/b><\/h3>\n  <div class=\"container\">\n<hr class=\"solid\">\n    <p><a href=\"https:\/\/clickevenda.com.br\/index.php\/ajuda\/como-vender-windows\/\">Como Vender (Windows)<\/a><\/p>\n    <p><a href=\"https:\/\/clickevenda.com.br\/index.php\/ajuda\/como-vender-smartphone\/\">Como Vender (Smartphone)<\/a><\/p>\n    <p>Restaurar Or\u00e7amento<\/p>\n    <p>Vender um Produto Especial<\/p>\n  <\/div>\n<\/div>\n\n\n\n<hr class=\"wp-block-separator\"\/>\n<\/div>\n\n\n\n<div class=\"wp-block-column\">\n<style>\n.card {\n  box-shadow: 0 4px 8px 0 rgba(0,0,0,0.2);\n  transition: 0.3s;\ntext-align: center;\n  background-color: #f1f1f1;\nborder-radius: 10px;\n}\n\n.card:hover {\n  box-shadow: 0 8px 16px 0 rgba(0,0,0,0.2);\ntext-align: center;\n}\n.container {\ntext-align: left;\npadding: 1px 16px;\n}\n<\/style>\n<div class=\"card\">\n  <center><img src=\"https:\/\/clickevenda.com.br\/wp-content\/uploads\/2022\/04\/icons8-caixa-registradora-96.png\" alt=\"Avatar\" style=\"width:40%\"><\/center>\n<h3><b>Caixa<\/b><\/h3>\n  <div class=\"container\">\n<hr class=\"solid\">\n    <p>Caixa<\/p>\n    <p>PDV<\/p>\n    <p>Formas de Pagamento<\/p>\n    <p>Como Cancelar uma Venda<\/p>\n  <\/div>\n<\/div>\n\n\n\n<hr class=\"wp-block-separator\"\/>\n<\/div>\n\n\n\n<div class=\"wp-block-column\">\n<style>\n.card {\n  box-shadow: 0 4px 8px 0 rgba(0,0,0,0.2);\n  transition: 0.3s;\ntext-align: center;\n  background-color: #f1f1f1;\nborder-radius: 10px;\n}\n\n.card:hover {\n  box-shadow: 0 8px 16px 0 rgba(0,0,0,0.2);\ntext-align: center;\n}\n.container {\ntext-align: left;\npadding: 1px 16px;\n}\n<\/style>\n<div class=\"card\">\n  <center><img src=\"https:\/\/clickevenda.com.br\/wp-content\/uploads\/2021\/07\/icons8-produto-96.png\" alt=\"Avatar\" style=\"width:40%\"><\/center>\n<h3><b>Produtos<\/b><\/h3>\n  <div class=\"container\">\n<hr class=\"solid\">\n    <p>Como Cadastrar Produto<\/p>\n    <p>Como Fracionar um Produto<\/p>\n    <p>Trabalhar com Formulas<\/p>\n    <p>Produto Especial<\/p>\n    <p>Vincular um Produto Especial<\/p>\n  <\/div>\n<\/div>\n\n\n\n<hr class=\"wp-block-separator\"\/>\n<\/div>\n<\/div>\n","protected":false},"excerpt":{"rendered":"<p>Caso precise de uma forcinha, na Central de Ajuda do Click &amp; e Venda voc\u00ea ir\u00e1 encontrar tutoriais para lhe auxiliar. Vendas Como Vender (Windows) Como Vender (Smartphone) Restaurar Or\u00e7amento Vender um Produto Especial Caixa Caixa PDV Formas de Pagamento Como Cancelar uma Venda Produtos Como Cadastrar Produto Como Fracionar um Produto Trabalhar com Formulas [&hellip;]<\/p>\n","protected":false},"author":1,"featured_media":0,"parent":0,"menu_order":0,"comment_status":"closed","ping_status":"closed","template":"","meta":{"om_disable_all_campaigns":false,"_monsterinsights_skip_tracking":false,"_monsterinsights_sitenote_active":false,"_monsterinsights_sitenote_note":"","_monsterinsights_sitenote_category":0},"_links":{"self":[{"href":"https:\/\/clickevenda.com.br\/index.php\/wp-json\/wp\/v2\/pages\/254"}],"collection":[{"href":"https:\/\/clickevenda.com.br\/index.php\/wp-json\/wp\/v2\/pages"}],"about":[{"href":"https:\/\/clickevenda.com.br\/index.php\/wp-json\/wp\/v2\/types\/page"}],"author":[{"embeddable":true,"href":"https:\/\/clickevenda.com.br\/index.php\/wp-json\/wp\/v2\/users\/1"}],"replies":[{"embeddable":true,"href":"https:\/\/clickevenda.com.br\/index.php\/wp-json\/wp\/v2\/comments?post=254"}],"version-history":[{"count":21,"href":"https:\/\/clickevenda.com.br\/index.php\/wp-json\/wp\/v2\/pages\/254\/revisions"}],"predecessor-version":[{"id":386,"href":"https:\/\/clickevenda.com.br\/index.php\/wp-json\/wp\/v2\/pages\/254\/revisions\/386"}],"wp:attachment":[{"href":"https:\/\/clickevenda.com.br\/index.php\/wp-json\/wp\/v2\/media?parent=254"}],"curies":[{"name":"wp","href":"https:\/\/api.w.org\/{rel}","templated":true}]}}