{"id":26,"date":"2021-07-17T08:37:49","date_gmt":"2021-07-17T11:37:49","guid":{"rendered":"https:\/\/clickevenda.com.br\/?page_id=26"},"modified":"2021-07-20T09:41:07","modified_gmt":"2021-07-20T12:41:07","slug":"recursos","status":"publish","type":"page","link":"https:\/\/clickevenda.com.br\/index.php\/recursos\/","title":{"rendered":"Recursos"},"content":{"rendered":"\n<p class=\"has-text-align-center\" style=\"font-size:28px\">A Plataforma <strong>Click &amp; Venda<\/strong> foi desenhada para atender o segmento do com\u00e9rcio, sempre em busca de melhorar e simplificar a gest\u00e3o comercial.<\/p>\n\n\n\n<div class=\"wp-block-columns\">\n<div class=\"wp-block-column\">\n<figure class=\"wp-block-image size-large is-resized\"><img loading=\"lazy\" src=\"https:\/\/clickevenda.com.br\/wp-content\/uploads\/2021\/07\/Design-sem-nome-21.png\" alt=\"\" class=\"wp-image-164\" width=\"403\" height=\"287\" srcset=\"https:\/\/clickevenda.com.br\/wp-content\/uploads\/2021\/07\/Design-sem-nome-21.png 700w, https:\/\/clickevenda.com.br\/wp-content\/uploads\/2021\/07\/Design-sem-nome-21-300x214.png 300w\" sizes=\"(max-width: 403px) 100vw, 403px\" \/><\/figure>\n<\/div>\n\n\n\n<div class=\"wp-block-column\">\n<p class=\"has-medium-font-size\"><strong>&#8211; <\/strong>Emiss\u00e3o de Documentos Fiscais, NF-e \/ SAT CF-e;<\/p>\n\n\n\n<p class=\"has-medium-font-size\"><strong>&#8211; <\/strong>Cadastros Gerais, Clientes \/ Fornecedores \/ Funcion\u00e1rios \/ Produtos;<\/p>\n\n\n\n<p class=\"has-medium-font-size\"><strong>&#8211; <\/strong>Controle Financeiro;<\/p>\n\n\n\n<p class=\"has-medium-font-size\"><strong>&#8211; <\/strong>Controle de Caixa;<\/p>\n\n\n\n<p class=\"has-medium-font-size\"><strong>&#8211; <\/strong>Controle de Entregas;<\/p>\n<\/div>\n<\/div>\n\n\n\n<div class=\"wp-block-columns\">\n<div class=\"wp-block-column\">\n<p class=\"has-medium-font-size\"><strong>&#8211; <\/strong>Emiss\u00e3o de Pedido de Vendas \/ Or\u00e7amentos;<\/p>\n\n\n\n<p class=\"has-medium-font-size\"><strong>&#8211;<\/strong> Impress\u00e3o \/ Compartilhamento de Or\u00e7amentos via WhatsApp, E-Mail, Messenger;<\/p>\n\n\n\n<p class=\"has-medium-font-size\"><strong>&#8211; <\/strong>Leitor de C\u00f3digo de Barras no Cadastro de Produtos e na Tela de Vendas;<\/p>\n\n\n\n<p class=\"has-medium-font-size\"><strong>&#8211; <\/strong>Controle de Estoque;<\/p>\n\n\n\n<hr class=\"wp-block-separator\"\/>\n\n\n\n<p class=\"has-medium-font-size\">Com a <strong>Experi\u00eancia Mobile<\/strong>, toda a sua gest\u00e3o funcionando em diversos dispositivos ao mesmo tempo, proporcionando <strong>agilidade no atendimento junto ao cliente<\/strong>.<\/p>\n<\/div>\n\n\n\n<div class=\"wp-block-column\">\n<div class=\"wp-block-image\"><figure class=\"aligncenter size-large is-resized\"><img loading=\"lazy\" src=\"https:\/\/clickevenda.com.br\/wp-content\/uploads\/2021\/07\/Design-sem-nome-22.png\" alt=\"\" class=\"wp-image-165\" width=\"334\" height=\"567\" srcset=\"https:\/\/clickevenda.com.br\/wp-content\/uploads\/2021\/07\/Design-sem-nome-22.png 500w, https:\/\/clickevenda.com.br\/wp-content\/uploads\/2021\/07\/Design-sem-nome-22-176x300.png 176w\" sizes=\"(max-width: 334px) 100vw, 334px\" \/><\/figure><\/div>\n<\/div>\n<\/div>\n","protected":false},"excerpt":{"rendered":"<p>A Plataforma Click &amp; Venda foi desenhada para atender o segmento do com\u00e9rcio, sempre em busca de melhorar e simplificar a gest\u00e3o comercial. &#8211; Emiss\u00e3o de Documentos Fiscais, NF-e \/ SAT CF-e; &#8211; Cadastros Gerais, Clientes \/ Fornecedores \/ Funcion\u00e1rios \/ Produtos; &#8211; Controle Financeiro; &#8211; Controle de Caixa; &#8211; Controle de Entregas; &#8211; Emiss\u00e3o [&hellip;]<\/p>\n","protected":false},"author":1,"featured_media":0,"parent":0,"menu_order":0,"comment_status":"closed","ping_status":"closed","template":"","meta":{"om_disable_all_campaigns":false,"_monsterinsights_skip_tracking":false,"_monsterinsights_sitenote_active":false,"_monsterinsights_sitenote_note":"","_monsterinsights_sitenote_category":0},"_links":{"self":[{"href":"https:\/\/clickevenda.com.br\/index.php\/wp-json\/wp\/v2\/pages\/26"}],"collection":[{"href":"https:\/\/clickevenda.com.br\/index.php\/wp-json\/wp\/v2\/pages"}],"about":[{"href":"https:\/\/clickevenda.com.br\/index.php\/wp-json\/wp\/v2\/types\/page"}],"author":[{"embeddable":true,"href":"https:\/\/clickevenda.com.br\/index.php\/wp-json\/wp\/v2\/users\/1"}],"replies":[{"embeddable":true,"href":"https:\/\/clickevenda.com.br\/index.php\/wp-json\/wp\/v2\/comments?post=26"}],"version-history":[{"count":13,"href":"https:\/\/clickevenda.com.br\/index.php\/wp-json\/wp\/v2\/pages\/26\/revisions"}],"predecessor-version":[{"id":182,"href":"https:\/\/clickevenda.com.br\/index.php\/wp-json\/wp\/v2\/pages\/26\/revisions\/182"}],"wp:attachment":[{"href":"https:\/\/clickevenda.com.br\/index.php\/wp-json\/wp\/v2\/media?parent=26"}],"curies":[{"name":"wp","href":"https:\/\/api.w.org\/{rel}","templated":true}]}}