{"id":27,"date":"2021-07-17T08:37:49","date_gmt":"2021-07-17T11:37:49","guid":{"rendered":"https:\/\/clickevenda.com.br\/?page_id=27"},"modified":"2022-01-18T14:37:53","modified_gmt":"2022-01-18T17:37:53","slug":"downloads","status":"publish","type":"page","link":"https:\/\/clickevenda.com.br\/index.php\/downloads\/","title":{"rendered":"Downloads"},"content":{"rendered":"\n<div class=\"wp-block-columns\">\n<div class=\"wp-block-column\">\n<div class=\"wp-block-image\"><figure class=\"aligncenter size-large\"><a href=\"https:\/\/app.clickevenda.com.br\/windows\/Setup_ClickeVenda.exe\"><img loading=\"lazy\" width=\"398\" height=\"126\" src=\"https:\/\/clickevenda.com.br\/wp-content\/uploads\/2021\/07\/download-windows.png\" alt=\"\" class=\"wp-image-192\" srcset=\"https:\/\/clickevenda.com.br\/wp-content\/uploads\/2021\/07\/download-windows.png 398w, https:\/\/clickevenda.com.br\/wp-content\/uploads\/2021\/07\/download-windows-300x95.png 300w\" sizes=\"(max-width: 398px) 100vw, 398px\" \/><\/a><\/figure><\/div>\n\n\n\n<p class=\"has-text-align-center has-medium-font-size\">A plataforma <strong><em>Click &amp; Venda<\/em><\/strong>, \u00e9 compat\u00edvel com a vers\u00e3o <strong><em>64Bits do Windows 7 ou Superior<\/em><\/strong>.<\/p>\n<\/div>\n\n\n\n<div class=\"wp-block-column\">\n<div class=\"wp-block-image\"><figure class=\"aligncenter size-large\"><a href=\"https:\/\/play.google.com\/store\/apps\/details?id=br.sgtmobile.apps.SGTVendas\"><img loading=\"lazy\" width=\"398\" height=\"126\" src=\"https:\/\/clickevenda.com.br\/wp-content\/uploads\/2021\/07\/android.png\" alt=\"\" class=\"wp-image-186\" srcset=\"https:\/\/clickevenda.com.br\/wp-content\/uploads\/2021\/07\/android.png 398w, https:\/\/clickevenda.com.br\/wp-content\/uploads\/2021\/07\/android-300x95.png 300w\" sizes=\"(max-width: 398px) 100vw, 398px\" \/><\/a><\/figure><\/div>\n<\/div>\n<\/div>\n\n\n\n<p class=\"has-large-font-size\"><strong>Ferramentas<\/strong><\/p>\n\n\n\n<figure class=\"wp-block-table is-style-stripes\"><table><thead><tr><th class=\"has-text-align-left\" data-align=\"left\">Descri\u00e7\u00e3o<\/th><th class=\"has-text-align-center\" data-align=\"center\">Atualiza\u00e7\u00e3o<\/th><th class=\"has-text-align-right\" data-align=\"right\">Arquivo<\/th><\/tr><\/thead><tbody><tr><td class=\"has-text-align-left\" data-align=\"left\"><a href=\"https:\/\/clickevenda.com.br\/wp-content\/downloads\/AnyDesk.exe\" title=\"https:\/\/clickevenda.com.br\/wp-content\/downloads\/AnyDesk.exe\">AnyDesk &#8211; \u00c1rea de Trabalho Remota<\/a><\/td><td class=\"has-text-align-center\" data-align=\"center\"><a href=\"https:\/\/clickevenda.com.br\/wp-content\/downloads\/AnyDesk.exe\">Vers\u00e3o 6.3.2.0<\/a><\/td><td class=\"has-text-align-right\" data-align=\"right\"><a href=\"https:\/\/clickevenda.com.br\/wp-content\/downloads\/AnyDesk.exe\">AnyDesk.exe<\/a><\/td><\/tr><tr><td class=\"has-text-align-left\" data-align=\"left\"><a href=\"https:\/\/clickevenda.com.br\/wp-content\/downloads\/TeamViewer.exe\">TeamViewer &#8211; \u00c1rea de Trabalho Remota<\/a><\/td><td class=\"has-text-align-center\" data-align=\"center\"><a href=\"https:\/\/clickevenda.com.br\/wp-content\/downloads\/TeamViewer.exe\">Vers\u00e3o 15.19.3<\/a><\/td><td class=\"has-text-align-right\" data-align=\"right\"><a href=\"https:\/\/clickevenda.com.br\/wp-content\/downloads\/TeamViewer.exe\">TeamViewer.exe<\/a><\/td><\/tr><tr><td class=\"has-text-align-left\" data-align=\"left\"><a href=\"https:\/\/clickevenda.com.br\/wp-content\/downloads\/UniNFe.exe\">UniNFe &#8211; Transmissor XML<\/a><\/td><td class=\"has-text-align-center\" data-align=\"center\"><a href=\"https:\/\/clickevenda.com.br\/wp-content\/downloads\/UniNFe.exe\">Vers\u00e3o 5.1<\/a><\/td><td class=\"has-text-align-right\" data-align=\"right\"><a href=\"https:\/\/clickevenda.com.br\/wp-content\/downloads\/UniNFe.exe\">UniNFe.exe<\/a><\/td><\/tr><tr><td class=\"has-text-align-left\" data-align=\"left\"><a href=\"https:\/\/clickevenda.com.br\/wp-content\/downloads\/UniNFe_SAT.exe\">UniNFe (SAT) &#8211; Transmissor XML com SAT<\/a><\/td><td class=\"has-text-align-center\" data-align=\"center\"><a href=\"https:\/\/clickevenda.com.br\/wp-content\/downloads\/UniNFe_SAT.exe\">Vers\u00e3o 5.1<\/a><\/td><td class=\"has-text-align-right\" data-align=\"right\"><a href=\"https:\/\/clickevenda.com.br\/wp-content\/downloads\/UniNFe_SAT.exe\">UniNFe_SAT.exe<\/a><\/td><\/tr><tr><td class=\"has-text-align-left\" data-align=\"left\"><a href=\"https:\/\/clickevenda.com.br\/wp-content\/downloads\/UniDANFE.exe\">UniDANFE &#8211; Impressor de DANFE<\/a><\/td><td class=\"has-text-align-center\" data-align=\"center\"><a href=\"https:\/\/clickevenda.com.br\/wp-content\/downloads\/UniDANFE.exe\">Vers\u00e3o 3.8.14<\/a><\/td><td class=\"has-text-align-right\" data-align=\"right\"><a href=\"https:\/\/clickevenda.com.br\/wp-content\/downloads\/UniDANFE.exe\">UniDANFE.exe<\/a><\/td><\/tr><\/tbody><\/table><\/figure>\n\n\n\n<p><\/p>\n","protected":false},"excerpt":{"rendered":"<p>A plataforma Click &amp; Venda, \u00e9 compat\u00edvel com a vers\u00e3o 64Bits do Windows 7 ou Superior. Ferramentas Descri\u00e7\u00e3o Atualiza\u00e7\u00e3o Arquivo AnyDesk &#8211; \u00c1rea de Trabalho Remota Vers\u00e3o 6.3.2.0 AnyDesk.exe TeamViewer &#8211; \u00c1rea de Trabalho Remota Vers\u00e3o 15.19.3 TeamViewer.exe UniNFe &#8211; Transmissor XML Vers\u00e3o 5.1 UniNFe.exe UniNFe (SAT) &#8211; Transmissor XML com SAT Vers\u00e3o 5.1 UniNFe_SAT.exe [&hellip;]<\/p>\n","protected":false},"author":1,"featured_media":0,"parent":0,"menu_order":0,"comment_status":"closed","ping_status":"closed","template":"","meta":{"om_disable_all_campaigns":false,"_monsterinsights_skip_tracking":false,"_monsterinsights_sitenote_active":false,"_monsterinsights_sitenote_note":"","_monsterinsights_sitenote_category":0},"_links":{"self":[{"href":"https:\/\/clickevenda.com.br\/index.php\/wp-json\/wp\/v2\/pages\/27"}],"collection":[{"href":"https:\/\/clickevenda.com.br\/index.php\/wp-json\/wp\/v2\/pages"}],"about":[{"href":"https:\/\/clickevenda.com.br\/index.php\/wp-json\/wp\/v2\/types\/page"}],"author":[{"embeddable":true,"href":"https:\/\/clickevenda.com.br\/index.php\/wp-json\/wp\/v2\/users\/1"}],"replies":[{"embeddable":true,"href":"https:\/\/clickevenda.com.br\/index.php\/wp-json\/wp\/v2\/comments?post=27"}],"version-history":[{"count":20,"href":"https:\/\/clickevenda.com.br\/index.php\/wp-json\/wp\/v2\/pages\/27\/revisions"}],"predecessor-version":[{"id":252,"href":"https:\/\/clickevenda.com.br\/index.php\/wp-json\/wp\/v2\/pages\/27\/revisions\/252"}],"wp:attachment":[{"href":"https:\/\/clickevenda.com.br\/index.php\/wp-json\/wp\/v2\/media?parent=27"}],"curies":[{"name":"wp","href":"https:\/\/api.w.org\/{rel}","templated":true}]}}