{"id":288,"date":"2022-04-14T16:49:04","date_gmt":"2022-04-14T19:49:04","guid":{"rendered":"https:\/\/clickevenda.com.br\/?page_id=288"},"modified":"2022-04-16T13:50:01","modified_gmt":"2022-04-16T16:50:01","slug":"como-vender-windows","status":"publish","type":"page","link":"https:\/\/clickevenda.com.br\/index.php\/ajuda\/como-vender-windows\/","title":{"rendered":"Como Vender (Windows)"},"content":{"rendered":"\n<p class=\"has-medium-font-size\">Veja como \u00e9 simples e pratico realizar uma venda pelo <strong>Windows<\/strong>, onde se lan\u00e7a os <strong>Produtos<\/strong>, seleciona o <strong>Cliente <\/strong>e escolhe se \u00e9 um <strong>Or\u00e7amento<\/strong>, uma <strong>Venda <\/strong>para <strong>Retirar <\/strong>ou para <strong>Entregar<\/strong>. <\/p>\n\n\n\n<hr class=\"wp-block-separator\"\/>\n\n\n\n<style>\n.card{\n   background-color: #f1f1f1;\n   box-shadow: 0 4px 8px 0 rgba(0,0,0,0.2);\n}\n<\/style>\n\n\n\n<p class=\"has-medium-font-size\"><strong>Vamos fazer uma venda juntos?<\/strong><\/p>\n\n\n\n<p style=\"font-size:18px\">Passo 1: Escolher o <strong>Vendedor<\/strong>, ao iniciar uma nova venda tem que escolher um vendedor ou restaurar um <strong>Or\u00e7amento (Passo 9)<\/strong>;<\/p>\n\n\n\n<figure class=\"wp-block-image is-resized size-large\"><img loading=\"lazy\" src=\"https:\/\/clickevenda.com.br\/wp-content\/uploads\/2022\/04\/Selecione-o-Vendedor-1024x1024.png\" alt=\"\" class=\"wp-image-289 card\" width=\"768\" height=\"768\" style=\"border-radius: 10px;\" srcset=\"https:\/\/clickevenda.com.br\/wp-content\/uploads\/2022\/04\/Selecione-o-Vendedor-1024x1024.png 1024w, https:\/\/clickevenda.com.br\/wp-content\/uploads\/2022\/04\/Selecione-o-Vendedor-300x300.png 300w, https:\/\/clickevenda.com.br\/wp-content\/uploads\/2022\/04\/Selecione-o-Vendedor-150x150.png 150w, https:\/\/clickevenda.com.br\/wp-content\/uploads\/2022\/04\/Selecione-o-Vendedor-768x768.png 768w, https:\/\/clickevenda.com.br\/wp-content\/uploads\/2022\/04\/Selecione-o-Vendedor.png 1284w\" sizes=\"(max-width: 768px) 100vw, 768px\" \/><\/figure>\n\n\n\n<p style=\"font-size:18px\">Passo 2: Escolher o <strong>Cliente<\/strong>, para as lojas que tem atendimento diferenciado em rela\u00e7\u00e3o ao cliente <strong>(Atacado ou Varejo)<\/strong> \u00e9 muito importante realizar esse passo no inicio do atendimento;<\/p>\n\n\n\n<figure class=\"wp-block-image is-resized size-large\"><img loading=\"lazy\" src=\"https:\/\/clickevenda.com.br\/wp-content\/uploads\/2022\/04\/Selecione-o-Vendedor-1-1024x1024.png\" alt=\"\" class=\"wp-image-290 card\" width=\"768\" height=\"768\" style=\"border-radius: 10px;\" srcset=\"https:\/\/clickevenda.com.br\/wp-content\/uploads\/2022\/04\/Selecione-o-Vendedor-1-1024x1024.png 1024w, https:\/\/clickevenda.com.br\/wp-content\/uploads\/2022\/04\/Selecione-o-Vendedor-1-300x300.png 300w, https:\/\/clickevenda.com.br\/wp-content\/uploads\/2022\/04\/Selecione-o-Vendedor-1-150x150.png 150w, https:\/\/clickevenda.com.br\/wp-content\/uploads\/2022\/04\/Selecione-o-Vendedor-1-768x768.png 768w, https:\/\/clickevenda.com.br\/wp-content\/uploads\/2022\/04\/Selecione-o-Vendedor-1.png 1284w\" sizes=\"(max-width: 768px) 100vw, 768px\" \/><\/figure>\n\n\n\n<p style=\"font-size:18px\">Passo 3: Identifica\u00e7\u00e3o do <strong>Cliente<\/strong>, para selecionar o cliente basta digitar o <strong>CPF\/CNPJ<\/strong> ou parte do <strong>Nome<\/strong> para abrir a lista de clientes e selecionar, no caso que o cliente tenha v\u00e1rios endere\u00e7os clicar no bot\u00e3o <strong>Endere\u00e7os <\/strong>para selecionar um;<\/p>\n\n\n\n<figure class=\"wp-block-image is-resized size-large\"><img loading=\"lazy\" src=\"https:\/\/clickevenda.com.br\/wp-content\/uploads\/2022\/04\/Selecione-o-Vendedor-2-1024x1024.png\" alt=\"\" class=\"wp-image-291 card\" width=\"768\" height=\"768\" style=\"border-radius: 10px;\" srcset=\"https:\/\/clickevenda.com.br\/wp-content\/uploads\/2022\/04\/Selecione-o-Vendedor-2-1024x1024.png 1024w, https:\/\/clickevenda.com.br\/wp-content\/uploads\/2022\/04\/Selecione-o-Vendedor-2-300x300.png 300w, https:\/\/clickevenda.com.br\/wp-content\/uploads\/2022\/04\/Selecione-o-Vendedor-2-150x150.png 150w, https:\/\/clickevenda.com.br\/wp-content\/uploads\/2022\/04\/Selecione-o-Vendedor-2-768x768.png 768w, https:\/\/clickevenda.com.br\/wp-content\/uploads\/2022\/04\/Selecione-o-Vendedor-2.png 1284w\" sizes=\"(max-width: 768px) 100vw, 768px\" \/><\/figure>\n\n\n\n<p style=\"font-size:18px\">Passo 4: Na barra de <strong>Produtos <\/strong>(parte inferior da tela em azul), basta digitar o <strong>C\u00f3digo do Sistema<\/strong> ou <strong>C\u00f3digo de Barras<\/strong> ou parte da <strong>Descri\u00e7\u00e3o do Produto<\/strong> para abrir a lista de produtos <strong>(Passo 5)<\/strong>;<\/p>\n\n\n\n<figure class=\"wp-block-image size-large is-resized\"><img loading=\"lazy\" src=\"https:\/\/clickevenda.com.br\/wp-content\/uploads\/2022\/04\/Selecione-o-Vendedor-3-1024x1024.png\" alt=\"\" class=\"wp-image-293 card\" width=\"768\" height=\"768\" style=\"border-radius: 10px;\" srcset=\"https:\/\/clickevenda.com.br\/wp-content\/uploads\/2022\/04\/Selecione-o-Vendedor-3-1024x1024.png 1024w, https:\/\/clickevenda.com.br\/wp-content\/uploads\/2022\/04\/Selecione-o-Vendedor-3-300x300.png 300w, https:\/\/clickevenda.com.br\/wp-content\/uploads\/2022\/04\/Selecione-o-Vendedor-3-150x150.png 150w, https:\/\/clickevenda.com.br\/wp-content\/uploads\/2022\/04\/Selecione-o-Vendedor-3-768x768.png 768w, https:\/\/clickevenda.com.br\/wp-content\/uploads\/2022\/04\/Selecione-o-Vendedor-3.png 1284w\" sizes=\"(max-width: 768px) 100vw, 768px\" \/><\/figure>\n\n\n\n<p style=\"font-size:18px\">Passo 5: Na <strong>Lista de Produtos<\/strong> ir\u00e1 aparecer os produtos selecionados ao produto que est\u00e1 sendo digitado na pesquisa, na parte inferior basta digitar o <strong>C\u00f3digo do Sistema<\/strong> ou <strong>C\u00f3digo de Barras<\/strong> ou parte da <strong>Descri\u00e7\u00e3o do Produto<\/strong> ap\u00f3s encontrar o produto basta <strong>clicar em cima<\/strong> ou dar um <strong>enter no produto selecionado<\/strong>.<\/p>\n\n\n\n<figure class=\"wp-block-image size-large is-resized\"><img loading=\"lazy\" src=\"https:\/\/clickevenda.com.br\/wp-content\/uploads\/2022\/04\/Selecione-o-Vendedor-4-1024x1024.png\" alt=\"\" class=\"wp-image-294 card\" width=\"768\" height=\"768\" style=\"border-radius: 10px;\" srcset=\"https:\/\/clickevenda.com.br\/wp-content\/uploads\/2022\/04\/Selecione-o-Vendedor-4-1024x1024.png 1024w, https:\/\/clickevenda.com.br\/wp-content\/uploads\/2022\/04\/Selecione-o-Vendedor-4-300x300.png 300w, https:\/\/clickevenda.com.br\/wp-content\/uploads\/2022\/04\/Selecione-o-Vendedor-4-150x150.png 150w, https:\/\/clickevenda.com.br\/wp-content\/uploads\/2022\/04\/Selecione-o-Vendedor-4-768x768.png 768w, https:\/\/clickevenda.com.br\/wp-content\/uploads\/2022\/04\/Selecione-o-Vendedor-4.png 1284w\" sizes=\"(max-width: 768px) 100vw, 768px\" \/><\/figure>\n\n\n\n<p style=\"font-size:18px\">Passo 6: Retorna a tela de <strong>Vendas<\/strong> com o produto selecionado, basta colocar a <strong>quantidade <\/strong>desejada e verificar o <strong>valor<\/strong> do produto, depois confirmar com um <strong>enter<\/strong>;<\/p>\n\n\n\n<figure class=\"wp-block-image size-large is-resized\"><img loading=\"lazy\" src=\"https:\/\/clickevenda.com.br\/wp-content\/uploads\/2022\/04\/Selecione-o-Vendedor-5-1024x1024.png\" alt=\"\" class=\"wp-image-292 card\" width=\"768\" height=\"768\" style=\"border-radius: 10px;\" srcset=\"https:\/\/clickevenda.com.br\/wp-content\/uploads\/2022\/04\/Selecione-o-Vendedor-5-1024x1024.png 1024w, https:\/\/clickevenda.com.br\/wp-content\/uploads\/2022\/04\/Selecione-o-Vendedor-5-300x300.png 300w, https:\/\/clickevenda.com.br\/wp-content\/uploads\/2022\/04\/Selecione-o-Vendedor-5-150x150.png 150w, https:\/\/clickevenda.com.br\/wp-content\/uploads\/2022\/04\/Selecione-o-Vendedor-5-768x768.png 768w, https:\/\/clickevenda.com.br\/wp-content\/uploads\/2022\/04\/Selecione-o-Vendedor-5.png 1284w\" sizes=\"(max-width: 768px) 100vw, 768px\" \/><\/figure>\n\n\n\n<p style=\"font-size:18px\">Passo 7: <strong>Finalizar uma Venda<\/strong>, <strong>Altera\u00e7\u00e3o <\/strong>ou <strong>Exclus\u00e3o <\/strong>de um item. Para finalizar uma <strong>Venda <\/strong>ap\u00f3s inserir os <strong>produtos <\/strong>desejados basta clicar no <strong>bot\u00e3o Venda<\/strong> ou <strong>pressionar (F3)<\/strong>, com isso avan\u00e7a ao pr\u00f3ximo passo (Passo 8), para <strong>alterar <\/strong>um item basta <strong>clicar no l\u00e1pis<\/strong> liberando os campos de <strong>valor unit\u00e1rio<\/strong> ou <strong>quantidade <\/strong>para a altera\u00e7\u00e3o, para <strong>excluir<\/strong> um item basta <strong>clicar na lixeira<\/strong> do <strong>item relacionado<\/strong>;<\/p>\n\n\n\n<figure class=\"wp-block-image size-large is-resized\"><img loading=\"lazy\" src=\"https:\/\/clickevenda.com.br\/wp-content\/uploads\/2022\/04\/Selecione-o-Vendedor-6-1024x1024.png\" alt=\"\" class=\"wp-image-295 card\" width=\"768\" height=\"768\" style=\"border-radius: 10px;\" srcset=\"https:\/\/clickevenda.com.br\/wp-content\/uploads\/2022\/04\/Selecione-o-Vendedor-6-1024x1024.png 1024w, https:\/\/clickevenda.com.br\/wp-content\/uploads\/2022\/04\/Selecione-o-Vendedor-6-300x300.png 300w, https:\/\/clickevenda.com.br\/wp-content\/uploads\/2022\/04\/Selecione-o-Vendedor-6-150x150.png 150w, https:\/\/clickevenda.com.br\/wp-content\/uploads\/2022\/04\/Selecione-o-Vendedor-6-768x768.png 768w, https:\/\/clickevenda.com.br\/wp-content\/uploads\/2022\/04\/Selecione-o-Vendedor-6.png 1284w\" sizes=\"(max-width: 768px) 100vw, 768px\" \/><\/figure>\n\n\n\n<p style=\"font-size:18px\">Passo 8: <strong>Concretizar uma Venda<\/strong>, basta selecionar uma das op\u00e7\u00f5es <strong>Entrega <\/strong>ou <strong>Retira<\/strong> onde a op\u00e7\u00e3o <strong>pr\u00e9-selecionada \u00e9 a Retira<\/strong>, ao selecionar a op\u00e7\u00e3o de <strong>Entrega<\/strong> ir\u00e1 aparecer as informa\u00e7\u00f5es do <strong>Cliente <\/strong>para <strong>Selecionar <\/strong>ou <strong>Confirmar<\/strong> (Passo 3), na op\u00e7\u00e3o de <strong>Retira <\/strong>ir\u00e1 finalizar a venda enviando para o <strong>Caixa<\/strong>;<\/p>\n\n\n\n<figure class=\"wp-block-image size-large is-resized\"><img loading=\"lazy\" src=\"https:\/\/clickevenda.com.br\/wp-content\/uploads\/2022\/04\/Selecione-o-Vendedor-8-1024x1024.png\" alt=\"\" class=\"wp-image-297 card\" width=\"768\" height=\"768\" style=\"border-radius: 10px;\" srcset=\"https:\/\/clickevenda.com.br\/wp-content\/uploads\/2022\/04\/Selecione-o-Vendedor-8-1024x1024.png 1024w, https:\/\/clickevenda.com.br\/wp-content\/uploads\/2022\/04\/Selecione-o-Vendedor-8-300x300.png 300w, https:\/\/clickevenda.com.br\/wp-content\/uploads\/2022\/04\/Selecione-o-Vendedor-8-150x150.png 150w, https:\/\/clickevenda.com.br\/wp-content\/uploads\/2022\/04\/Selecione-o-Vendedor-8-768x768.png 768w, https:\/\/clickevenda.com.br\/wp-content\/uploads\/2022\/04\/Selecione-o-Vendedor-8.png 1284w\" sizes=\"(max-width: 768px) 100vw, 768px\" \/><\/figure>\n\n\n\n<p style=\"font-size:18px\">Passo 9: <strong>Restaurar <\/strong>ou <strong>Enviar um Or\u00e7amento<\/strong>, para <strong>Restaurar um Or\u00e7amento<\/strong> basta clicar no <strong>bot\u00e3o Restaurar<\/strong> ir\u00e1 apresentar uma lista com todos os or\u00e7amentos registrados e selecionar um, para <strong>Enviar um Or\u00e7amento<\/strong> basta clicar no <strong>bot\u00e3o Or\u00e7amento<\/strong> ou no <strong>bot\u00e3o Compartilhar<\/strong> ir\u00e1 registrar o or\u00e7amento e <strong>Imprimir <\/strong>ou <strong>Gerar em PDF<\/strong> para <strong>Compartilhar <\/strong>pelo <strong>Smartphone<\/strong> ou enviar por <strong>e-mail<\/strong> pelo <strong>Windows<\/strong>;<\/p>\n\n\n\n<figure class=\"wp-block-image size-large is-resized\"><img loading=\"lazy\" src=\"https:\/\/clickevenda.com.br\/wp-content\/uploads\/2022\/04\/Selecione-o-Vendedor-7-1024x1024.png\" alt=\"\" class=\"wp-image-296 card\" width=\"768\" height=\"768\" style=\"border-radius: 10px;\" srcset=\"https:\/\/clickevenda.com.br\/wp-content\/uploads\/2022\/04\/Selecione-o-Vendedor-7-1024x1024.png 1024w, https:\/\/clickevenda.com.br\/wp-content\/uploads\/2022\/04\/Selecione-o-Vendedor-7-300x300.png 300w, https:\/\/clickevenda.com.br\/wp-content\/uploads\/2022\/04\/Selecione-o-Vendedor-7-150x150.png 150w, https:\/\/clickevenda.com.br\/wp-content\/uploads\/2022\/04\/Selecione-o-Vendedor-7-768x768.png 768w, https:\/\/clickevenda.com.br\/wp-content\/uploads\/2022\/04\/Selecione-o-Vendedor-7.png 1284w\" sizes=\"(max-width: 768px) 100vw, 768px\" \/><\/figure>\n","protected":false},"excerpt":{"rendered":"<p>Veja como \u00e9 simples e pratico realizar uma venda pelo Windows, onde se lan\u00e7a os Produtos, seleciona o Cliente e escolhe se \u00e9 um Or\u00e7amento, uma Venda para Retirar ou para Entregar. Vamos fazer uma venda juntos? Passo 1: Escolher o Vendedor, ao iniciar uma nova venda tem que escolher um vendedor ou restaurar um [&hellip;]<\/p>\n","protected":false},"author":1,"featured_media":0,"parent":254,"menu_order":0,"comment_status":"closed","ping_status":"closed","template":"","meta":{"om_disable_all_campaigns":false,"_monsterinsights_skip_tracking":false,"_monsterinsights_sitenote_active":false,"_monsterinsights_sitenote_note":"","_monsterinsights_sitenote_category":0},"_links":{"self":[{"href":"https:\/\/clickevenda.com.br\/index.php\/wp-json\/wp\/v2\/pages\/288"}],"collection":[{"href":"https:\/\/clickevenda.com.br\/index.php\/wp-json\/wp\/v2\/pages"}],"about":[{"href":"https:\/\/clickevenda.com.br\/index.php\/wp-json\/wp\/v2\/types\/page"}],"author":[{"embeddable":true,"href":"https:\/\/clickevenda.com.br\/index.php\/wp-json\/wp\/v2\/users\/1"}],"replies":[{"embeddable":true,"href":"https:\/\/clickevenda.com.br\/index.php\/wp-json\/wp\/v2\/comments?post=288"}],"version-history":[{"count":59,"href":"https:\/\/clickevenda.com.br\/index.php\/wp-json\/wp\/v2\/pages\/288\/revisions"}],"predecessor-version":[{"id":383,"href":"https:\/\/clickevenda.com.br\/index.php\/wp-json\/wp\/v2\/pages\/288\/revisions\/383"}],"up":[{"embeddable":true,"href":"https:\/\/clickevenda.com.br\/index.php\/wp-json\/wp\/v2\/pages\/254"}],"wp:attachment":[{"href":"https:\/\/clickevenda.com.br\/index.php\/wp-json\/wp\/v2\/media?parent=288"}],"curies":[{"name":"wp","href":"https:\/\/api.w.org\/{rel}","templated":true}]}}